{"id":1225,"date":"2019-05-13T12:37:06","date_gmt":"2019-05-13T12:37:06","guid":{"rendered":"https:\/\/www.spadreams.se\/blog\/?page_id=1225"},"modified":"2019-06-27T08:26:55","modified_gmt":"2019-06-27T08:26:55","slug":"sitemap","status":"publish","type":"page","link":"https:\/\/www.spadreams.se\/blog\/sitemap\/","title":{"rendered":"Webbplatskarta"},"content":{"rendered":"<p><!--StartFragment--><\/p>\n<ul>\n<li><a href=\"https:\/\/fitreisen-de.fit-wordpress.stage.fitreisen.de\/\">Home<\/a><\/li>\n<\/ul>\n\n\n<h3>Alla artiklar:<\/h3>\n\n\n\n<ul class=\"display-posts-listing\"><li class=\"listing-item\"><a class=\"title\" href=\"https:\/\/www.spadreams.se\/blog\/de-basta-sevardheterna-i-asien-bucket-list-for-din-reseplanering\/\">De b\u00e4sta sev\u00e4rdheterna i Asien &#8211; Bucket list f\u00f6r din reseplanering<\/a><\/li><li class=\"listing-item\"><a class=\"title\" href=\"https:\/\/www.spadreams.se\/blog\/ayurveda-curryrecept-for-att-forhindra-forkylning\/\">Ayurveda curryrecept f\u00f6r att f\u00f6rhindra f\u00f6rkylning<\/a><\/li><li class=\"listing-item\"><a class=\"title\" href=\"https:\/\/www.spadreams.se\/blog\/shirodhara-ayurvediskoljestrale-som-halls-mot-pannan\/\">Shirodhara &#8211; Ayurvediskoljestr\u00e5le som h\u00e4lls mot pannan<\/a><\/li><li class=\"listing-item\"><a class=\"title\" href=\"https:\/\/www.spadreams.se\/blog\/ayurveda-massage-forfarande-effekt-och-typer-av-indisk-massageteknik\/\">Ayurveda-massage &#8211; f\u00f6rfarande, effekt och typer av indisk massageteknik<\/a><\/li><li class=\"listing-item\"><a class=\"title\" href=\"https:\/\/www.spadreams.se\/blog\/intervju-med-dr-jobin-ayurveda-mot-overvikt-och-fetma\/\">Intervju med Dr Jobin: Ayurveda mot \u00f6vervikt och fetma<\/a><\/li><li class=\"listing-item\"><a class=\"title\" href=\"https:\/\/www.spadreams.se\/blog\/tropiska-drinkar-som-lugnar\/\">Tropiska drinkar som lugnar<\/a><\/li><li class=\"listing-item\"><a class=\"title\" href=\"https:\/\/www.spadreams.se\/blog\/resa-i-trendfargen-2024-varldens-vackraste-platser-i-peach-fuzz\/\">Resa i trendf\u00e4rgen 2024: v\u00e4rldens vackraste platser i &#8220;Peach Fuzz&#8221;<\/a><\/li><li class=\"listing-item\"><a class=\"title\" href=\"https:\/\/www.spadreams.se\/blog\/ayurveda-mot-akne-9-tips-om-hur-ayurveda-kan-hjalpa-till-med-akne\/\">Ayurveda mot akne \u2013 9 tips om hur Ayurveda kan hj\u00e4lpa med akne<\/a><\/li><li class=\"listing-item\"><a class=\"title\" href=\"https:\/\/www.spadreams.se\/blog\/ayurveda-mot-reumatism-5-tipps-for-ayurvedisk-behandling-av-reumatism\/\">Ayurveda mot reumatism \u2013 5 tips f\u00f6r behandling av reumatism med Ayurveda<\/a><\/li><li class=\"listing-item\"><a class=\"title\" href=\"https:\/\/www.spadreams.se\/blog\/ayurveda-mot-stress-7-ayurvediska-tips-for-att-hantera-stress\/\">Ayurveda mot stress \u2013 7 ayurvediska tips f\u00f6r att hantera stress<\/a><\/li><li class=\"listing-item\"><a class=\"title\" href=\"https:\/\/www.spadreams.se\/blog\/ayurveda-mot-covid-19-6-rekommendationer-for-ett-starkt-immunforsvar\/\">Ayurveda mot Covid-19 \u2013 St\u00e4rk ditt naturliga immunf\u00f6rsvar med dessa 6 rekommendationer<\/a><\/li><li class=\"listing-item\"><a class=\"title\" href=\"https:\/\/www.spadreams.se\/blog\/ayurveda-mot-bronkit-10-tips-for-friska-lungor\/\">Ayurveda mot bronkit \u2013 10 tips f\u00f6r friska lungor<\/a><\/li><li class=\"listing-item\"><a class=\"title\" href=\"https:\/\/www.spadreams.se\/blog\/ayurveda-mot-hogt-blodtryck-5-tips-som-hjalper-dig-att-sanka-blodtrycket\/\">Ayurveda mot h\u00f6gt blodtryck \u2013 dessa 5 tips hj\u00e4lper dig att s\u00e4nka ditt blodtryck<\/a><\/li><li class=\"listing-item\"><a class=\"title\" href=\"https:\/\/www.spadreams.se\/blog\/ayurveda-mot-diabetes-10-tips-om-hur-ayurveda-kan-hjalpa-till\/\">Ayurveda mot diabetes \u2013 10 tips om hur Ayurveda kan hj\u00e4lpa till<\/a><\/li><li class=\"listing-item\"><a class=\"title\" href=\"https:\/\/www.spadreams.se\/blog\/ayurveda-vid-depression-7-tips-for-att-gora-ditt-liv-lattare\/\">Ayurveda vid depression \u2013 7 tips f\u00f6r att g\u00f6ra ditt liv l\u00e4ttare<\/a><\/li><li class=\"listing-item\"><a class=\"title\" href=\"https:\/\/www.spadreams.se\/blog\/ayurveda-mot-endometrios-10-tips_som-ger-lindring-i-vardagen\/\">Ayurveda mot endometrios \u2013 10 tips som ger lindring i vardagen<\/a><\/li><li class=\"listing-item\"><a class=\"title\" href=\"https:\/\/www.spadreams.se\/blog\/ayurveda-for-att-starka-njurarna-9-tips-for-friska-njurar\/\">Ayurveda f\u00f6r att st\u00e4rka dina njurar: 9 tips f\u00f6r friska njurar<\/a><\/li><li class=\"listing-item\"><a class=\"title\" href=\"https:\/\/www.spadreams.se\/blog\/rapport-ayurveda-resor-till-sri-lanka-i-corona-tider\/\">Rapport \u2013 Ayurveda resor till Sri Lanka i Corona-tider<\/a><\/li><li class=\"listing-item\"><a class=\"title\" href=\"https:\/\/www.spadreams.se\/blog\/intervju-professor-bamberger-stresshantering\/\">Intervju med professor Christoph Bamberger om stresshantering<\/a><\/li><li class=\"listing-item\"><a class=\"title\" href=\"https:\/\/www.spadreams.se\/blog\/intervju-prof-bamberger-forebyggande-halsovaard\/\">Intervju med Prof. Christoph Bamberger om f\u00f6rebyggande h\u00e4lsov\u00e5rd<\/a><\/li><li class=\"listing-item\"><a class=\"title\" href=\"https:\/\/www.spadreams.se\/blog\/ayurveda-mot-migran-10-tips\/\">Ayurveda mot migr\u00e4n \u2013 10 tips f\u00f6r att bli av med sm\u00e4rtan i huvudet<\/a><\/li><li class=\"listing-item\"><a class=\"title\" href=\"https:\/\/www.spadreams.se\/blog\/6-hemligheter-for-ayurveda-viktminskning\/\">6 hemligheter f\u00f6r viktminskning med Ayurveda<\/a><\/li><li class=\"listing-item\"><a class=\"title\" href=\"https:\/\/www.spadreams.se\/blog\/ayurvedisk-typlara-foranderliga-vata-dosha\/\">Ayurvedisk typl\u00e4ra: F\u00f6r\u00e4nderliga Vata Dosha<\/a><\/li><li class=\"listing-item\"><a class=\"title\" href=\"https:\/\/www.spadreams.se\/blog\/ayurvedisk-typlara-eldiga-pitta-dosha\/\">Ayurvedisk typl\u00e4ra: Eldiga Pitta Dosha<\/a><\/li><li class=\"listing-item\"><a class=\"title\" href=\"https:\/\/www.spadreams.se\/blog\/ayurvedisk-typlara-lugna-kapha-dosha\/\">Ayurvedisk typl\u00e4ra: Lugna Kapha Dosha<\/a><\/li><li class=\"listing-item\"><a class=\"title\" href=\"https:\/\/www.spadreams.se\/blog\/traditionell-ayurveda\/\">Traditionell Ayurveda \u2013 den \u00e4ldsta medicinska vetenskapen i v\u00e4rlden<\/a><\/li><li class=\"listing-item\"><a class=\"title\" href=\"https:\/\/www.spadreams.se\/blog\/intervju-med-dr-alani-sha-wellness-clinic-sunt-matsmaltning\/\">Intervju med Dr. Alani fr\u00e5n Sha Wellness Clinic om det nya programmet &#8220;Detox &amp; Sunt Matsm\u00e4ltning&#8221;<\/a><\/li><li class=\"listing-item\"><a class=\"title\" href=\"https:\/\/www.spadreams.se\/blog\/pegan-dieten\/\">Pegan-dieten \u2013 Vad ligger bakom denna form av kosth\u00e5llning?<\/a><\/li><li class=\"listing-item\"><a class=\"title\" href=\"https:\/\/www.spadreams.se\/blog\/intervju-dr-matejka-fasta-for-halsan\/\">Fasta f\u00f6r h\u00e4lsan \u2013 Intervju med Dr. Matejka p\u00e5 Malteser Klinik von Weckbecker<\/a><\/li><li class=\"listing-item\"><a class=\"title\" href=\"https:\/\/www.spadreams.se\/blog\/5-covid-19-resetips-for-din-nasta-semester\/\">5 Covid-19 resetips f\u00f6r din n\u00e4sta semester<\/a><\/li><li class=\"listing-item\"><a class=\"title\" href=\"https:\/\/www.spadreams.se\/blog\/skogsbada\/\">Skogsbada \u2013 Att vara n\u00e4ra naturen<\/a><\/li><li class=\"listing-item\"><a class=\"title\" href=\"https:\/\/www.spadreams.se\/blog\/ayurveda-som-immune-booster-dessa-healthy-drinks-staerker-nu-kropp-och-sjael\/\">Ayurveda som immune booster: Dessa healthy drinks st\u00e4rker nu kropp och sj\u00e4l<\/a><\/li><li class=\"listing-item\"><a class=\"title\" href=\"https:\/\/www.spadreams.se\/blog\/7-skal-varfor-du-sparar-pengar-med-en-semester-pa-sri-lanka\/\">7 sk\u00e4l varf\u00f6r du sparar pengar med en semester p\u00e5 Sri Lanka<\/a><\/li><li class=\"listing-item\"><a class=\"title\" href=\"https:\/\/www.spadreams.se\/blog\/6-skal-till-att-gora-en-ayurvedakur-i-tyskland\/\">6 sk\u00e4l till att g\u00f6ra en ayurvedakur i Tyskland<\/a><\/li><li class=\"listing-item\"><a class=\"title\" href=\"https:\/\/www.spadreams.se\/blog\/vara-top-3-hotell-for-reumatiker\/\">V\u00e5ra Top 3 hotell f\u00f6r reumatiker<\/a><\/li><li class=\"listing-item\"><a class=\"title\" href=\"https:\/\/www.spadreams.se\/blog\/annorlunda-ayurveda-ayurvedakurer-i-boutiquehotell\/\">Annorlunda ayurveda &#8211; Ayurvedakurer i boutiquehotell<\/a><\/li><li class=\"listing-item\"><a class=\"title\" href=\"https:\/\/www.spadreams.se\/blog\/4-diy-ansiktsmasker-for-en-naturligt-vacker-hy\/\">4 DIY ansiktsmasker f\u00f6r en naturligt vacker hy<\/a><\/li><li class=\"listing-item\"><a class=\"title\" href=\"https:\/\/www.spadreams.se\/blog\/10-fakta-om-d-vitamin-solens-halsoguld\/\">10 fakta om D-vitamin &#8211; Solens h\u00e4lsoguld<\/a><\/li><li class=\"listing-item\"><a class=\"title\" href=\"https:\/\/www.spadreams.se\/blog\/de-7-basta-hotellen-med-vegansk-mat\/\">De 7 b\u00e4sta hotellen med vegansk mat<\/a><\/li><li class=\"listing-item\"><a class=\"title\" href=\"https:\/\/www.spadreams.se\/blog\/de-10-basta-spahotellen-i-spanien\/\">De 10 b\u00e4sta spahotellen i Spanien<\/a><\/li><li class=\"listing-item\"><a class=\"title\" href=\"https:\/\/www.spadreams.se\/blog\/vara-basta-spahotell-vid-medelhavet-2018\/\">V\u00e5ra b\u00e4sta spahotell vid Medelhavet 2018<\/a><\/li><li class=\"listing-item\"><a class=\"title\" href=\"https:\/\/www.spadreams.se\/blog\/6-tips-for-ditt-hemmaspa\/\">6 tips f\u00f6r ditt hemmaspa<\/a><\/li><li class=\"listing-item\"><a class=\"title\" href=\"https:\/\/www.spadreams.se\/blog\/6-fakta-du-inte-visste-om-yoga\/\">6 fakta du inte visste om yoga!<\/a><\/li><li class=\"listing-item\"><a class=\"title\" href=\"https:\/\/www.spadreams.se\/blog\/5-skal-till-att-resa-ensam\/\">5 sk\u00e4l till att resa ensam<\/a><\/li><li class=\"listing-item\"><a class=\"title\" href=\"https:\/\/www.spadreams.se\/blog\/5-detox-recept-for-din-kickstart-pa-2018\/\">5 detox-recept f\u00f6r din kickstart p\u00e5 2018<\/a><\/li><li class=\"listing-item\"><a class=\"title\" href=\"https:\/\/www.spadreams.se\/blog\/europas-vackraste-julmarknader-med-spahotell\/\">Europas vackraste julmarknader med spahotell<\/a><\/li><li class=\"listing-item\"><a class=\"title\" href=\"https:\/\/www.spadreams.se\/blog\/den-basta-tiden-for-att-resa-till-marocko\/\">Den b\u00e4sta tiden f\u00f6r att resa till Marocko<\/a><\/li><li class=\"listing-item\"><a class=\"title\" href=\"https:\/\/www.spadreams.se\/blog\/power-grot-starta-dagen-med-en-extra-dos-energi\/\">Power-gr\u00f6t &#8211; Starta dagen med en extra dos energi<\/a><\/li><li class=\"listing-item\"><a class=\"title\" href=\"https:\/\/www.spadreams.se\/blog\/sri-lanka-ett-resmal-du-maste-se\/\">Sri Lanka \u2013 ett resm\u00e5l du m\u00e5ste se!<\/a><\/li><li class=\"listing-item\"><a class=\"title\" href=\"https:\/\/www.spadreams.se\/blog\/israel-de-basta-sevardheterna\/\">Israel &#8211; De b\u00e4sta sev\u00e4rdheterna<\/a><\/li><li class=\"listing-item\"><a class=\"title\" href=\"https:\/\/www.spadreams.se\/blog\/vara-6-basta-vuxenhotell\/\">V\u00e5ra 6 b\u00e4sta vuxenhotell<\/a><\/li><li class=\"listing-item\"><a class=\"title\" href=\"https:\/\/www.spadreams.se\/blog\/oil-pulling-vad-ar-det-egentligen-hur-funkar-det-och-vad-ar-effekten\/\">Oil pulling \u2013 Vad \u00e4r det egentligen? Hur funkar det och vad \u00e4r effekten?<\/a><\/li><li class=\"listing-item\"><a class=\"title\" href=\"https:\/\/www.spadreams.se\/blog\/skippa-hostdeppen-det-har-aret-fem-yoga-tips-som-gor-dig-frisk-och-glad-i-host\/\">Skippa h\u00f6stdeppen det h\u00e4r \u00e5ret! Fem yoga tips som g\u00f6r dig frisk och glad i h\u00f6st<\/a><\/li><li class=\"listing-item\"><a class=\"title\" href=\"https:\/\/www.spadreams.se\/blog\/14-saker-du-inte-visste-om-osterrike\/\">14 saker du inte visste om \u00d6sterrike<\/a><\/li><li class=\"listing-item\"><a class=\"title\" href=\"https:\/\/www.spadreams.se\/blog\/test-vart-ska-du-aka-pa-semester\/\">Test: Vart ska du \u00e5ka p\u00e5 semester<\/a><\/li><li class=\"listing-item\"><a class=\"title\" href=\"https:\/\/www.spadreams.se\/blog\/15-tips-for-dig-som-reser-med-diabetes\/\">15 tips f\u00f6r dig som reser med diabetes<\/a><\/li><li class=\"listing-item\"><a class=\"title\" href=\"https:\/\/www.spadreams.se\/blog\/fem-spa-resorter-med-privat-pool\/\">Fem spa-resorter med privat pool<\/a><\/li><li class=\"listing-item\"><a class=\"title\" href=\"https:\/\/www.spadreams.se\/blog\/hur-du-klarar-4-knepiga-yogastallningar\/\">Hur du klarar 4 knepiga yogast\u00e4llningar<\/a><\/li><li class=\"listing-item\"><a class=\"title\" href=\"https:\/\/www.spadreams.se\/blog\/de-sju-chakran\/\">De sju chakran<\/a><\/li><li class=\"listing-item\"><a class=\"title\" href=\"https:\/\/www.spadreams.se\/blog\/neuschwanstein-tysklands-sagoslott\/\">Neuschwanstein: Tysklands sagoslott<\/a><\/li><li class=\"listing-item\"><a class=\"title\" href=\"https:\/\/www.spadreams.se\/blog\/upptack-bodensjon\/\">Uppt\u00e4ck Bodensj\u00f6n<\/a><\/li><li class=\"listing-item\"><a class=\"title\" href=\"https:\/\/www.spadreams.se\/blog\/de-basta-hotellen-i-mauritius-mellan-lyx-och-kultur\/\">De b\u00e4sta hotellen i Mauritius: Mellan lyx och kultur<\/a><\/li><li class=\"listing-item\"><a class=\"title\" href=\"https:\/\/www.spadreams.se\/blog\/de-5-basta-ayurveda-recepten-som-du-kan-laga-hemma\/\">De 5 b\u00e4sta ayurveda recepten som du kan laga hemma<\/a><\/li><li class=\"listing-item\"><a class=\"title\" href=\"https:\/\/www.spadreams.se\/blog\/vad-innebar-en-thalassoterapi\/\">Vad inneb\u00e4r en Thalassoterapi?<\/a><\/li><li class=\"listing-item\"><a class=\"title\" href=\"https:\/\/www.spadreams.se\/blog\/detox-smoothie-god-och-avgiftande\/\">Detox smoothie \u2013 god och avgiftande<\/a><\/li><li class=\"listing-item\"><a class=\"title\" href=\"https:\/\/www.spadreams.se\/blog\/4-saker-som-du-inte-visste-om-fasta\/\">4 saker som du inte visste om fasta<\/a><\/li><li class=\"listing-item\"><a class=\"title\" href=\"https:\/\/www.spadreams.se\/blog\/kakor-med-havregryn-och-valnotter\/\">Kakor med havregryn och valn\u00f6tter<\/a><\/li><li class=\"listing-item\"><a class=\"title\" href=\"https:\/\/www.spadreams.se\/blog\/kardemummakakor-i-ayurvedisk-stil\/\">Kardemummakakor i ayurvedisk stil<\/a><\/li><li class=\"listing-item\"><a class=\"title\" href=\"https:\/\/www.spadreams.se\/blog\/ayurveda-den-aldsta-medicinska-vetenskapen-i-varlden\/\">Ayurveda \u2013 den \u00e4ldsta medicinska vetenskapen i v\u00e4rlden<\/a><\/li><li class=\"listing-item\"><a class=\"title\" href=\"https:\/\/www.spadreams.se\/blog\/bad-heviz-en-ungersk-kurort\/\">Bad H\u00e9v\u00edz \u2013 en ungersk kurort med l\u00e5ng tradition<\/a><\/li><li class=\"listing-item\"><a class=\"title\" href=\"https:\/\/www.spadreams.se\/blog\/med-en-frisk-tarm\/\">Med en frisk tarm &amp; havets l\u00e4kande kraft mot utbr\u00e4ndhet<\/a><\/li><li class=\"listing-item\"><a class=\"title\" href=\"https:\/\/www.spadreams.se\/blog\/fortjusta-i-polens-baltiska-kust\/\">Varf\u00f6r vi \u00e4r s\u00e5 f\u00f6rtjusta i Polens baltiska kust&#8230;<\/a><\/li><li class=\"listing-item\"><a class=\"title\" href=\"https:\/\/www.spadreams.se\/blog\/mendan-vingrotta-ar-klar\/\">MenDan vingrotta \u00e4r klar<\/a><\/li><li class=\"listing-item\"><a class=\"title\" href=\"https:\/\/www.spadreams.se\/blog\/insidertips-kroatien\/\">Insidertips Kroatien \u2013 semester i de 1000 \u00f6arnas land<\/a><\/li><li class=\"listing-item\"><a class=\"title\" href=\"https:\/\/www.spadreams.se\/blog\/de-5-basta-tipsen-mot-jetlag\/\">De 5 b\u00e4sta tipsen mot jetlag<\/a><\/li><li class=\"listing-item\"><a class=\"title\" href=\"https:\/\/www.spadreams.se\/blog\/hemligt-tips-jordanien-oken-kultur-och-doda-havet\/\">Hemligt Tips Jordanien \u2013 \u00d6ken, Kultur och D\u00f6da Havet<\/a><\/li><li class=\"listing-item\"><a class=\"title\" href=\"https:\/\/www.spadreams.se\/blog\/spa-i-osterrike-tanka-energi-och-livsgladje\/\">Spa i \u00d6sterrike: tanka energi och livsgl\u00e4dje<\/a><\/li><li class=\"listing-item\"><a class=\"title\" href=\"https:\/\/www.spadreams.se\/blog\/banta-och-se-friskare-ut-med-hjalp-av-ayurveda\/\">Banta och se friskare ut med hj\u00e4lp av Ayurveda<\/a><\/li><li class=\"listing-item\"><a class=\"title\" href=\"https:\/\/www.spadreams.se\/blog\/psoriasis-terapiformer-och-halsoresa\/\">Psoriasis \u2013 terapiformer och h\u00e4lsoresa<\/a><\/li><li class=\"listing-item\"><a class=\"title\" href=\"https:\/\/www.spadreams.se\/blog\/5-tips-for-ensamresenarer\/\">5 Tips f\u00f6r ensamresen\u00e4rer<\/a><\/li><li class=\"listing-item\"><a class=\"title\" href=\"https:\/\/www.spadreams.se\/blog\/vata-pitta-kapha\/\">Vata, Pitta, Kapha<\/a><\/li><\/ul>\n","protected":false},"excerpt":{"rendered":"<p>Home Alla artiklar:<\/p>\n","protected":false},"author":3,"featured_media":0,"parent":0,"menu_order":0,"comment_status":"closed","ping_status":"closed","template":"","meta":{"wprm-recipe-roundup-name":"","wprm-recipe-roundup-description":"","footnotes":""},"yoast_head":"<!-- This site is optimized with the Yoast SEO plugin v22.6 - https:\/\/yoast.com\/wordpress\/plugins\/seo\/ -->\n<title>Webbplatskarta - SpaDreams Blogg<\/title>\n<meta name=\"robots\" content=\"index, follow, max-snippet:-1, max-image-preview:large, max-video-preview:-1\" \/>\n<meta property=\"og:locale\" content=\"sv_SE\" \/>\n<meta property=\"og:type\" content=\"article\" \/>\n<meta property=\"og:title\" content=\"Webbplatskarta - SpaDreams Blogg\" \/>\n<meta property=\"og:description\" content=\"Home Alla artiklar:\" \/>\n<meta property=\"og:url\" content=\"https:\/\/www.spadreams.se\/blog\/sitemap\/\" \/>\n<meta property=\"og:site_name\" content=\"SpaDreams Blogg\" \/>\n<meta property=\"article:modified_time\" content=\"2019-06-27T08:26:55+00:00\" \/>\n<meta name=\"twitter:card\" content=\"summary_large_image\" \/>\n<script type=\"application\/ld+json\" class=\"yoast-schema-graph\">{\"@context\":\"https:\/\/schema.org\",\"@graph\":[{\"@type\":\"WebPage\",\"@id\":\"https:\/\/www.spadreams.se\/blog\/sitemap\/\",\"url\":\"https:\/\/www.spadreams.se\/blog\/sitemap\/\",\"name\":\"Webbplatskarta - SpaDreams Blogg\",\"isPartOf\":{\"@id\":\"https:\/\/www.spadreams.se\/blog\/#website\"},\"datePublished\":\"2019-05-13T12:37:06+00:00\",\"dateModified\":\"2019-06-27T08:26:55+00:00\",\"breadcrumb\":{\"@id\":\"https:\/\/www.spadreams.se\/blog\/sitemap\/#breadcrumb\"},\"inLanguage\":\"sv-SE\",\"potentialAction\":[{\"@type\":\"ReadAction\",\"target\":[\"https:\/\/www.spadreams.se\/blog\/sitemap\/\"]}]},{\"@type\":\"BreadcrumbList\",\"@id\":\"https:\/\/www.spadreams.se\/blog\/sitemap\/#breadcrumb\",\"itemListElement\":[{\"@type\":\"ListItem\",\"position\":1,\"name\":\"Home\",\"item\":\"https:\/\/www.spadreams.se\/blog\/\"},{\"@type\":\"ListItem\",\"position\":2,\"name\":\"Webbplatskarta\"}]},{\"@type\":\"WebSite\",\"@id\":\"https:\/\/www.spadreams.se\/blog\/#website\",\"url\":\"https:\/\/www.spadreams.se\/blog\/\",\"name\":\"SpaDreams Blogg\",\"description\":\"Din guide f\u00f6r h\u00e4lsa &amp; wellness resor.\",\"potentialAction\":[{\"@type\":\"SearchAction\",\"target\":{\"@type\":\"EntryPoint\",\"urlTemplate\":\"https:\/\/www.spadreams.se\/blog\/?s={search_term_string}\"},\"query-input\":\"required name=search_term_string\"}],\"inLanguage\":\"sv-SE\"}]}<\/script>\n<!-- \/ Yoast SEO plugin. -->","yoast_head_json":{"title":"Webbplatskarta - SpaDreams Blogg","robots":{"index":"index","follow":"follow","max-snippet":"max-snippet:-1","max-image-preview":"max-image-preview:large","max-video-preview":"max-video-preview:-1"},"og_locale":"sv_SE","og_type":"article","og_title":"Webbplatskarta - SpaDreams Blogg","og_description":"Home Alla artiklar:","og_url":"https:\/\/www.spadreams.se\/blog\/sitemap\/","og_site_name":"SpaDreams Blogg","article_modified_time":"2019-06-27T08:26:55+00:00","twitter_card":"summary_large_image","schema":{"@context":"https:\/\/schema.org","@graph":[{"@type":"WebPage","@id":"https:\/\/www.spadreams.se\/blog\/sitemap\/","url":"https:\/\/www.spadreams.se\/blog\/sitemap\/","name":"Webbplatskarta - SpaDreams Blogg","isPartOf":{"@id":"https:\/\/www.spadreams.se\/blog\/#website"},"datePublished":"2019-05-13T12:37:06+00:00","dateModified":"2019-06-27T08:26:55+00:00","breadcrumb":{"@id":"https:\/\/www.spadreams.se\/blog\/sitemap\/#breadcrumb"},"inLanguage":"sv-SE","potentialAction":[{"@type":"ReadAction","target":["https:\/\/www.spadreams.se\/blog\/sitemap\/"]}]},{"@type":"BreadcrumbList","@id":"https:\/\/www.spadreams.se\/blog\/sitemap\/#breadcrumb","itemListElement":[{"@type":"ListItem","position":1,"name":"Home","item":"https:\/\/www.spadreams.se\/blog\/"},{"@type":"ListItem","position":2,"name":"Webbplatskarta"}]},{"@type":"WebSite","@id":"https:\/\/www.spadreams.se\/blog\/#website","url":"https:\/\/www.spadreams.se\/blog\/","name":"SpaDreams Blogg","description":"Din guide f\u00f6r h\u00e4lsa &amp; wellness resor.","potentialAction":[{"@type":"SearchAction","target":{"@type":"EntryPoint","urlTemplate":"https:\/\/www.spadreams.se\/blog\/?s={search_term_string}"},"query-input":"required name=search_term_string"}],"inLanguage":"sv-SE"}]}},"_links":{"self":[{"href":"https:\/\/www.spadreams.se\/blog\/wp-json\/wp\/v2\/pages\/1225"}],"collection":[{"href":"https:\/\/www.spadreams.se\/blog\/wp-json\/wp\/v2\/pages"}],"about":[{"href":"https:\/\/www.spadreams.se\/blog\/wp-json\/wp\/v2\/types\/page"}],"author":[{"embeddable":true,"href":"https:\/\/www.spadreams.se\/blog\/wp-json\/wp\/v2\/users\/3"}],"replies":[{"embeddable":true,"href":"https:\/\/www.spadreams.se\/blog\/wp-json\/wp\/v2\/comments?post=1225"}],"version-history":[{"count":3,"href":"https:\/\/www.spadreams.se\/blog\/wp-json\/wp\/v2\/pages\/1225\/revisions"}],"predecessor-version":[{"id":1242,"href":"https:\/\/www.spadreams.se\/blog\/wp-json\/wp\/v2\/pages\/1225\/revisions\/1242"}],"wp:attachment":[{"href":"https:\/\/www.spadreams.se\/blog\/wp-json\/wp\/v2\/media?parent=1225"}],"curies":[{"name":"wp","href":"https:\/\/api.w.org\/{rel}","templated":true}]}}